{"id":709,"date":"2024-01-09T18:03:50","date_gmt":"2024-01-09T18:03:50","guid":{"rendered":"https:\/\/specializedbenefits.amplomedia.com\/conditions-generales-dutilisation\/"},"modified":"2024-01-30T17:25:18","modified_gmt":"2024-01-30T17:25:18","slug":"conditions-generales-dutilisation","status":"publish","type":"page","link":"https:\/\/specializedbenefits.com\/fr\/conditions-generales-dutilisation\/","title":{"rendered":"Conditions g\u00e9n\u00e9rales d&rsquo;utilisation"},"content":{"rendered":"\t\t<div data-elementor-type=\"wp-page\" data-elementor-id=\"709\" class=\"elementor elementor-709 elementor-372\" wpc-filter-elementor-widget=\"1\" data-elementor-post-type=\"page\">\n\t\t\t\t<div class=\"elementor-element elementor-element-e90bb10 e-flex e-con-boxed e-con e-parent\" data-id=\"e90bb10\" data-element_type=\"container\" data-e-type=\"container\">\n\t\t\t\t\t<div class=\"e-con-inner\">\n\t\t\t\t<div class=\"elementor-element elementor-element-7fe7362 elementor-widget elementor-widget-text-editor\" data-id=\"7fe7362\" data-element_type=\"widget\" data-e-type=\"widget\" data-widget_type=\"text-editor.default\">\n\t\t\t\t<div class=\"elementor-widget-container\">\n\t\t\t\t\t\t\t\t\t<p><strong>Derni\u00e8re mise \u00e0 jour : 01\/09\/2024<\/strong><\/p>\n<p>Bienvenue sur le r\u00e9seau d&rsquo;information num\u00e9rique de Specialized Benefits. Les conditions g\u00e9n\u00e9rales suivantes r\u00e9gissent votre utilisation de notre site web et de nos services num\u00e9riques.<\/p>\n<p>En acc\u00e9dant au(x) service(s) ou en l&rsquo;utilisant, vous acceptez d&rsquo;\u00eatre li\u00e9 par ces conditions. Si vous n&rsquo;\u00eates pas d&rsquo;accord avec une partie des conditions, vous ne pouvez pas acc\u00e9der au service.<\/p>\n<p>L&rsquo;utilisation de ce site web est soumise aux conditions d&rsquo;utilisation suivantes :<\/p>\n<p>Le contenu des pages de ce site web est destin\u00e9 \u00e0 l&rsquo;information et \u00e0 l&rsquo;utilisation g\u00e9n\u00e9rales. Il est susceptible d&rsquo;\u00eatre modifi\u00e9 sans pr\u00e9avis.<\/p>\n<p>Ce site web utilise des cookies pour suivre les pr\u00e9f\u00e9rences et le comportement de navigation. Si vous autorisez l&rsquo;utilisation de cookies, vos informations personnelles et non personnelles peuvent \u00eatre partag\u00e9es avec des tiers selon les termes de notre <a href=\"https:\/\/specializedbenefits.com\/politique-de-confidentialite\/?lang=fr\">politique de confidentialit\u00e9<\/a>.<\/p>\n<p>Le pr\u00e9sent site Web contient des \u00e9l\u00e9ments dont Specialized Benefits est propri\u00e9taire, qu&rsquo;elle exploite sous licence ou qu&rsquo;elle contr\u00f4le d&rsquo;une autre mani\u00e8re. Cela comprend \u00e0 la fois les produits et les services, mais aussi la mise en page, la conception et les graphiques qui ne peuvent \u00eatre reproduits qu&rsquo;en conformit\u00e9 avec l&rsquo;avis de droit d&rsquo;auteur.<\/p>\n<p>Ce site web peut inclure des liens vers d&rsquo;autres sites web pour votre commodit\u00e9 ou pour fournir des informations suppl\u00e9mentaires. Specialized Benefits n&rsquo;approuve pas formellement ces sites web et n&rsquo;est pas responsable de leur contenu.<\/p>\n<p>L&rsquo;utilisation du site Web de Specialized Benefits est soumise \u00e0 des conditions \u00e9volutives en vertu de la loi canadienne, qui doivent \u00eatre revues p\u00e9riodiquement pour assurer la conformit\u00e9 de l&rsquo;utilisateur. Pour toute question concernant l&rsquo;utilisation de notre site web, veuillez adresser votre demande \u00e0 :<br \/>info@specializedbenefits.com<br \/>ou par courrier \u00e0 l&rsquo;adresse suivante<br \/>Prestations sp\u00e9cialis\u00e9es<br \/>2016 Sherwood Dr, Sherwood Park, AB T8A 3X3<\/p>\n\t\t\t\t\t\t\t\t<\/div>\n\t\t\t\t<\/div>\n\t\t\t\t\t<\/div>\n\t\t\t\t<\/div>\n\t\t\t\t<\/div>\n\t\t","protected":false},"excerpt":{"rendered":"<p>Derni\u00e8re mise \u00e0 jour : 01\/09\/2024 Bienvenue sur le r\u00e9seau d&rsquo;information num\u00e9rique de Specialized Benefits. Les conditions g\u00e9n\u00e9rales suivantes r\u00e9gissent votre utilisation de notre site web et de nos services num\u00e9riques. En acc\u00e9dant au(x) service(s) ou en l&rsquo;utilisant, vous acceptez d&rsquo;\u00eatre li\u00e9 par ces conditions. Si vous n&rsquo;\u00eates pas d&rsquo;accord avec une partie des conditions, [&hellip;]<\/p>\n","protected":false},"author":1,"featured_media":0,"parent":0,"menu_order":0,"comment_status":"closed","ping_status":"closed","template":"","meta":{"footnotes":""},"class_list":["post-709","page","type-page","status-publish","hentry"],"yoast_head":"<!-- This site is optimized with the Yoast SEO plugin v27.4 - https:\/\/yoast.com\/product\/yoast-seo-wordpress\/ -->\n<title>Conditions g\u00e9n\u00e9rales d&#039;utilisation - Specialized Benefits<\/title>\n<meta name=\"robots\" content=\"index, follow, max-snippet:-1, max-image-preview:large, max-video-preview:-1\" \/>\n<link rel=\"canonical\" href=\"https:\/\/specializedbenefits.com\/terms-conditions\/\" \/>\n<meta property=\"og:locale\" content=\"fr_FR\" \/>\n<meta property=\"og:type\" content=\"article\" \/>\n<meta property=\"og:title\" content=\"Conditions g\u00e9n\u00e9rales d&#039;utilisation - Specialized Benefits\" \/>\n<meta property=\"og:description\" content=\"Derni\u00e8re mise \u00e0 jour : 01\/09\/2024 Bienvenue sur le r\u00e9seau d&rsquo;information num\u00e9rique de Specialized Benefits. Les conditions g\u00e9n\u00e9rales suivantes r\u00e9gissent votre utilisation de notre site web et de nos services num\u00e9riques. En acc\u00e9dant au(x) service(s) ou en l&rsquo;utilisant, vous acceptez d&rsquo;\u00eatre li\u00e9 par ces conditions. Si vous n&rsquo;\u00eates pas d&rsquo;accord avec une partie des conditions, [&hellip;]\" \/>\n<meta property=\"og:url\" content=\"https:\/\/specializedbenefits.com\/terms-conditions\/\" \/>\n<meta property=\"og:site_name\" content=\"Specialized Benefits\" \/>\n<meta property=\"article:modified_time\" content=\"2024-01-30T17:25:18+00:00\" \/>\n<meta name=\"twitter:card\" content=\"summary_large_image\" \/>\n<meta name=\"twitter:label1\" content=\"Dur\u00e9e de lecture estim\u00e9e\" \/>\n\t<meta name=\"twitter:data1\" content=\"2 minutes\" \/>\n<script type=\"application\/ld+json\" class=\"yoast-schema-graph\">{\"@context\":\"https:\\\/\\\/schema.org\",\"@graph\":[{\"@type\":\"WebPage\",\"@id\":\"https:\\\/\\\/specializedbenefits.com\\\/terms-conditions\\\/\",\"url\":\"https:\\\/\\\/specializedbenefits.com\\\/terms-conditions\\\/\",\"name\":\"Conditions g\u00e9n\u00e9rales d'utilisation - Specialized Benefits\",\"isPartOf\":{\"@id\":\"https:\\\/\\\/specializedbenefits.com\\\/#website\"},\"datePublished\":\"2024-01-09T18:03:50+00:00\",\"dateModified\":\"2024-01-30T17:25:18+00:00\",\"breadcrumb\":{\"@id\":\"https:\\\/\\\/specializedbenefits.com\\\/terms-conditions\\\/#breadcrumb\"},\"inLanguage\":\"fr-FR\",\"potentialAction\":[{\"@type\":\"ReadAction\",\"target\":[\"https:\\\/\\\/specializedbenefits.com\\\/terms-conditions\\\/\"]}]},{\"@type\":\"BreadcrumbList\",\"@id\":\"https:\\\/\\\/specializedbenefits.com\\\/terms-conditions\\\/#breadcrumb\",\"itemListElement\":[{\"@type\":\"ListItem\",\"position\":1,\"name\":\"Home\",\"item\":\"https:\\\/\\\/specializedbenefits.com\\\/fr\\\/\"},{\"@type\":\"ListItem\",\"position\":2,\"name\":\"Conditions g\u00e9n\u00e9rales d&#8217;utilisation\"}]},{\"@type\":\"WebSite\",\"@id\":\"https:\\\/\\\/specializedbenefits.com\\\/#website\",\"url\":\"https:\\\/\\\/specializedbenefits.com\\\/\",\"name\":\"Specialized Benefits\",\"description\":\"\",\"publisher\":{\"@id\":\"https:\\\/\\\/specializedbenefits.com\\\/#organization\"},\"potentialAction\":[{\"@type\":\"SearchAction\",\"target\":{\"@type\":\"EntryPoint\",\"urlTemplate\":\"https:\\\/\\\/specializedbenefits.com\\\/?s={search_term_string}\"},\"query-input\":{\"@type\":\"PropertyValueSpecification\",\"valueRequired\":true,\"valueName\":\"search_term_string\"}}],\"inLanguage\":\"fr-FR\"},{\"@type\":\"Organization\",\"@id\":\"https:\\\/\\\/specializedbenefits.com\\\/#organization\",\"name\":\"Specialized Benefits\",\"url\":\"https:\\\/\\\/specializedbenefits.com\\\/\",\"logo\":{\"@type\":\"ImageObject\",\"inLanguage\":\"fr-FR\",\"@id\":\"https:\\\/\\\/specializedbenefits.com\\\/#\\\/schema\\\/logo\\\/image\\\/\",\"url\":\"https:\\\/\\\/specializedbenefits.com\\\/wp-content\\\/uploads\\\/2023\\\/10\\\/Specialized-Benefits-Black-1.png\",\"contentUrl\":\"https:\\\/\\\/specializedbenefits.com\\\/wp-content\\\/uploads\\\/2023\\\/10\\\/Specialized-Benefits-Black-1.png\",\"width\":318,\"height\":85,\"caption\":\"Specialized Benefits\"},\"image\":{\"@id\":\"https:\\\/\\\/specializedbenefits.com\\\/#\\\/schema\\\/logo\\\/image\\\/\"}}]}<\/script>\n<!-- \/ Yoast SEO plugin. -->","yoast_head_json":{"title":"Conditions g\u00e9n\u00e9rales d'utilisation - Specialized Benefits","robots":{"index":"index","follow":"follow","max-snippet":"max-snippet:-1","max-image-preview":"max-image-preview:large","max-video-preview":"max-video-preview:-1"},"canonical":"https:\/\/specializedbenefits.com\/terms-conditions\/","og_locale":"fr_FR","og_type":"article","og_title":"Conditions g\u00e9n\u00e9rales d'utilisation - Specialized Benefits","og_description":"Derni\u00e8re mise \u00e0 jour : 01\/09\/2024 Bienvenue sur le r\u00e9seau d&rsquo;information num\u00e9rique de Specialized Benefits. Les conditions g\u00e9n\u00e9rales suivantes r\u00e9gissent votre utilisation de notre site web et de nos services num\u00e9riques. En acc\u00e9dant au(x) service(s) ou en l&rsquo;utilisant, vous acceptez d&rsquo;\u00eatre li\u00e9 par ces conditions. Si vous n&rsquo;\u00eates pas d&rsquo;accord avec une partie des conditions, [&hellip;]","og_url":"https:\/\/specializedbenefits.com\/terms-conditions\/","og_site_name":"Specialized Benefits","article_modified_time":"2024-01-30T17:25:18+00:00","twitter_card":"summary_large_image","twitter_misc":{"Dur\u00e9e de lecture estim\u00e9e":"2 minutes"},"schema":{"@context":"https:\/\/schema.org","@graph":[{"@type":"WebPage","@id":"https:\/\/specializedbenefits.com\/terms-conditions\/","url":"https:\/\/specializedbenefits.com\/terms-conditions\/","name":"Conditions g\u00e9n\u00e9rales d'utilisation - Specialized Benefits","isPartOf":{"@id":"https:\/\/specializedbenefits.com\/#website"},"datePublished":"2024-01-09T18:03:50+00:00","dateModified":"2024-01-30T17:25:18+00:00","breadcrumb":{"@id":"https:\/\/specializedbenefits.com\/terms-conditions\/#breadcrumb"},"inLanguage":"fr-FR","potentialAction":[{"@type":"ReadAction","target":["https:\/\/specializedbenefits.com\/terms-conditions\/"]}]},{"@type":"BreadcrumbList","@id":"https:\/\/specializedbenefits.com\/terms-conditions\/#breadcrumb","itemListElement":[{"@type":"ListItem","position":1,"name":"Home","item":"https:\/\/specializedbenefits.com\/fr\/"},{"@type":"ListItem","position":2,"name":"Conditions g\u00e9n\u00e9rales d&#8217;utilisation"}]},{"@type":"WebSite","@id":"https:\/\/specializedbenefits.com\/#website","url":"https:\/\/specializedbenefits.com\/","name":"Specialized Benefits","description":"","publisher":{"@id":"https:\/\/specializedbenefits.com\/#organization"},"potentialAction":[{"@type":"SearchAction","target":{"@type":"EntryPoint","urlTemplate":"https:\/\/specializedbenefits.com\/?s={search_term_string}"},"query-input":{"@type":"PropertyValueSpecification","valueRequired":true,"valueName":"search_term_string"}}],"inLanguage":"fr-FR"},{"@type":"Organization","@id":"https:\/\/specializedbenefits.com\/#organization","name":"Specialized Benefits","url":"https:\/\/specializedbenefits.com\/","logo":{"@type":"ImageObject","inLanguage":"fr-FR","@id":"https:\/\/specializedbenefits.com\/#\/schema\/logo\/image\/","url":"https:\/\/specializedbenefits.com\/wp-content\/uploads\/2023\/10\/Specialized-Benefits-Black-1.png","contentUrl":"https:\/\/specializedbenefits.com\/wp-content\/uploads\/2023\/10\/Specialized-Benefits-Black-1.png","width":318,"height":85,"caption":"Specialized Benefits"},"image":{"@id":"https:\/\/specializedbenefits.com\/#\/schema\/logo\/image\/"}}]}},"_links":{"self":[{"href":"https:\/\/specializedbenefits.com\/fr\/wp-json\/wp\/v2\/pages\/709","targetHints":{"allow":["GET"]}}],"collection":[{"href":"https:\/\/specializedbenefits.com\/fr\/wp-json\/wp\/v2\/pages"}],"about":[{"href":"https:\/\/specializedbenefits.com\/fr\/wp-json\/wp\/v2\/types\/page"}],"author":[{"embeddable":true,"href":"https:\/\/specializedbenefits.com\/fr\/wp-json\/wp\/v2\/users\/1"}],"replies":[{"embeddable":true,"href":"https:\/\/specializedbenefits.com\/fr\/wp-json\/wp\/v2\/comments?post=709"}],"version-history":[{"count":0,"href":"https:\/\/specializedbenefits.com\/fr\/wp-json\/wp\/v2\/pages\/709\/revisions"}],"wp:attachment":[{"href":"https:\/\/specializedbenefits.com\/fr\/wp-json\/wp\/v2\/media?parent=709"}],"curies":[{"name":"wp","href":"https:\/\/api.w.org\/{rel}","templated":true}]}}