{"id":707,"date":"2024-01-09T17:57:34","date_gmt":"2024-01-09T17:57:34","guid":{"rendered":"https:\/\/specializedbenefits.amplomedia.com\/politique-de-confidentialite\/"},"modified":"2025-02-27T15:00:12","modified_gmt":"2025-02-27T15:00:12","slug":"politique-de-confidentialite","status":"publish","type":"page","link":"https:\/\/specializedbenefits.com\/fr\/politique-de-confidentialite\/","title":{"rendered":"Politique de confidentialit\u00e9"},"content":{"rendered":"\t\t<div data-elementor-type=\"wp-page\" data-elementor-id=\"707\" class=\"elementor elementor-707 elementor-364\" wpc-filter-elementor-widget=\"1\" data-elementor-post-type=\"page\">\n\t\t\t\t<div class=\"elementor-element elementor-element-e90bb10 e-flex e-con-boxed e-con e-parent\" data-id=\"e90bb10\" data-element_type=\"container\" data-e-type=\"container\">\n\t\t\t\t\t<div class=\"e-con-inner\">\n\t\t\t\t<div class=\"elementor-element elementor-element-7fe7362 elementor-widget elementor-widget-text-editor\" data-id=\"7fe7362\" data-element_type=\"widget\" data-e-type=\"widget\" data-widget_type=\"text-editor.default\">\n\t\t\t\t<div class=\"elementor-widget-container\">\n\t\t\t\t\t\t\t\t\t<p style=\"text-align: center;\"><strong>POLITIQUE DE CONFIDENTIALIT\u00c9<\/strong><\/p>\n<\/p>\n<p><b>SECTION 1 &#8211; QUE FAISONS-NOUS DE VOS INFORMATIONS ?<\/b><\/p>\n<p><span style=\"font-weight: 400;\">Lorsque vous soumettez un formulaire, tel que notre formulaire de contact ou notre formulaire de candidature, nous recueillons les informations personnelles que vous nous fournissez, telles que votre nom, votre adresse et votre adresse \u00e9lectronique.<\/span><\/p>\n<p><span style=\"font-weight: 400;\">Lorsque vous naviguez sur notre site web, nous recevons aussi automatiquement l&rsquo;adresse du protocole Internet (IP) de votre ordinateur afin de nous fournir des informations qui nous aident \u00e0 conna\u00eetre votre navigateur et votre syst\u00e8me d&rsquo;exploitation.<\/span><\/p>\n<p><span style=\"font-weight: 400;\">Marketing par courrier \u00e9lectronique (le cas \u00e9ch\u00e9ant) : Avec votre autorisation, nous pouvons vous envoyer des courriels concernant nos services, nos produits et d&rsquo;autres mises \u00e0 jour.<\/span><\/p>\n<p><b>SECTION 2 &#8211; CONSENTEMENT<\/b><\/p>\n<p><span style=\"font-weight: 400;\">Comment obtenir mon consentement ?<\/span><\/p>\n<p><span style=\"font-weight: 400;\">Lorsque vous nous fournissez des informations personnelles pour effectuer une transaction, v\u00e9rifier votre carte de cr\u00e9dit ou passer une commande, cela signifie que vous consentez \u00e0 ce que nous les recueillions et les utilisions uniquement pour cette raison sp\u00e9cifique.<\/span><\/p>\n<p><span style=\"font-weight: 400;\">Si nous vous demandons des informations personnelles pour une raison secondaire, comme le marketing, nous vous demanderons directement votre consentement explicite ou nous vous donnerons la possibilit\u00e9 de refuser.<\/span><\/p>\n<p><span style=\"font-weight: 400;\">Comment puis-je retirer mon consentement ?<\/span><\/p>\n<p><span style=\"font-weight: 400;\">Si, apr\u00e8s avoir choisi de participer, vous changez d&rsquo;avis, vous pouvez \u00e0 tout moment retirer votre consentement \u00e0 ce que nous vous contactions, \u00e0 la poursuite de la collecte, de l&rsquo;utilisation ou de la divulgation de vos informations, en nous contactant \u00e0 l&rsquo;adresse suivante <strong>: info@specializedbenefits.com<\/strong><\/span><b> <\/b><span style=\"font-weight: 400;\">ou en nous envoyant un courrier \u00e0 l&rsquo;adresse suivante<\/span><\/p>\n<p><b>PRESTATIONS SP\u00c9CIALIS\u00c9ES 2015 INC.<\/b><\/p>\n<p><strong>#15, 2016 Sherwood Dr, Sherwood Park, AB T8A 3X3<\/strong><\/p>\n<p><b>SECTION 3 &#8211; DIVULGATION<\/b><\/p>\n<p><span style=\"font-weight: 400;\">Nous pouvons divulguer vos informations personnelles si la loi nous y oblige ou si vous enfreignez nos conditions d&rsquo;utilisation.<\/span><\/p>\n<p><b>SECTION 4 &#8211; SERVICES AUX TIERS<\/b><\/p>\n<p><span style=\"font-weight: 400;\">En g\u00e9n\u00e9ral, les fournisseurs tiers auxquels nous faisons appel ne collectent, n&rsquo;utilisent et ne divulguent vos informations que dans la mesure o\u00f9 cela est n\u00e9cessaire pour leur permettre d&rsquo;assurer les services qu&rsquo;ils nous fournissent.<\/span><\/p>\n<p><span style=\"font-weight: 400;\">Toutefois, certains fournisseurs de services tiers, tels que les passerelles de paiement et autres processeurs de transactions de paiement, ont leur propre politique de confidentialit\u00e9 en ce qui concerne les informations que nous sommes tenus de leur fournir pour les transactions li\u00e9es \u00e0 vos achats.<\/span><\/p>\n<p><span style=\"font-weight: 400;\">Pour ces fournisseurs, nous vous recommandons de lire leurs politiques de confidentialit\u00e9 afin de comprendre la mani\u00e8re dont ils traiteront vos informations personnelles.<\/span><\/p>\n<p><span style=\"font-weight: 400;\">En particulier, n&rsquo;oubliez pas que certains fournisseurs peuvent \u00eatre situ\u00e9s ou avoir des installations situ\u00e9es dans une juridiction diff\u00e9rente de la v\u00f4tre ou de la n\u00f4tre. Ainsi, si vous d\u00e9cidez de proc\u00e9der \u00e0 une transaction impliquant les services d&rsquo;un prestataire de services tiers, vos informations peuvent \u00eatre soumises aux lois de la ou des juridictions dans lesquelles ce prestataire de services ou ses installations sont situ\u00e9s.<\/span><\/p>\n<p><span style=\"font-weight: 400;\">Par exemple, si vous \u00eates situ\u00e9 au Canada et que votre transaction est trait\u00e9e par une passerelle de paiement situ\u00e9e aux \u00c9tats-Unis, vos informations personnelles utilis\u00e9es pour r\u00e9aliser cette transaction peuvent \u00eatre divulgu\u00e9es en vertu de la l\u00e9gislation am\u00e9ricaine, y compris le Patriot Act.<\/span><\/p>\n<p><span style=\"font-weight: 400;\">D\u00e8s que vous quittez notre site web ou que vous \u00eates redirig\u00e9 vers le site web ou l&rsquo;application d&rsquo;un tiers, vous n&rsquo;\u00eates plus r\u00e9gi par la pr\u00e9sente politique de confidentialit\u00e9 ni par les conditions de service de notre site web.<\/span><\/p>\n<p><span style=\"font-weight: 400;\">Liens<\/span><\/p>\n<p><span style=\"font-weight: 400;\">Lorsque vous cliquez sur des liens figurant sur notre site web, ceux-ci peuvent vous conduire hors de notre site. Nous ne sommes pas responsables des pratiques des autres sites web en mati\u00e8re de respect de la vie priv\u00e9e et nous vous encourageons \u00e0 lire leurs d\u00e9clarations de confidentialit\u00e9.<\/span><\/p>\n<p><b>SECTION 5 &#8211; S\u00c9CURIT\u00c9<\/b><\/p>\n<p><span style=\"font-weight: 400;\">Pour prot\u00e9ger vos informations personnelles, nous prenons des pr\u00e9cautions raisonnables et suivons les meilleures pratiques du secteur pour nous assurer qu&rsquo;elles ne sont pas perdues, mal utilis\u00e9es, consult\u00e9es, divulgu\u00e9es, modifi\u00e9es ou d\u00e9truites de mani\u00e8re inappropri\u00e9e.<\/span><\/p>\n<p style=\"font-weight: 400;\">Il est de la plus haute importance pour nous de prot\u00e9ger vos informations personnelles en notre possession ou sous notre contr\u00f4le, y compris les informations transf\u00e9r\u00e9es \u00e0 un prestataire de services tiers, contre tout acc\u00e8s non autoris\u00e9, toute divulgation, toute modification ou toute utilisation abusive.<\/p>\n<p style=\"font-weight: 400;\">Nous nous conformons aux lois et r\u00e8glements applicables en mati\u00e8re d&rsquo;informations personnelles et avons mis en place des garanties physiques, \u00e9lectroniques et proc\u00e9durales raisonnables pour prot\u00e9ger vos informations.<\/p>\n<p style=\"font-weight: 400;\">Certains de nos fournisseurs de services tiers peuvent \u00eatre situ\u00e9s dans d&rsquo;autres provinces ou juridictions en dehors du Canada. Vos informations personnelles peuvent alors \u00eatre soumises aux lois de ces autres juridictions qui peuvent avoir des lois sur la protection de la vie priv\u00e9e et des donn\u00e9es diff\u00e9rentes de celles de votre juridiction.<\/p>\n<p><b>SECTION 6 &#8211; COOKIES<\/b><\/p>\n<p><span style=\"font-weight: 400;\">Un cookie est un petit fichier texte de donn\u00e9es qu&rsquo;un site web envoie \u00e0 votre navigateur et qui est stock\u00e9 sur votre syst\u00e8me. Le site web ne peut acc\u00e9der qu&rsquo;aux informations contenues dans un cookie envoy\u00e9 par le site web. Nous n&rsquo;avons pas acc\u00e8s aux cookies envoy\u00e9s par d&rsquo;autres sites web ni aux informations qu&rsquo;ils contiennent. En outre, nous ne pouvons pas conna\u00eetre votre adresse \u00e9lectronique ou toute autre information vous concernant par le biais d&rsquo;un cookie. Nous n&rsquo;aurons connaissance de ces informations que si vous nous les communiquez sp\u00e9cifiquement et volontairement, par exemple par le biais d&rsquo;un syst\u00e8me d&rsquo;enregistrement ou en participant \u00e0 une loterie ou \u00e0 une promotion.<\/span><\/p>\n<p><span style=\"font-weight: 400;\">Nous pourrions utiliser un serveur publicitaire d\u00e9velopp\u00e9 par un tiers pour afficher des publicit\u00e9s sur le site web. Certaines de ces publicit\u00e9s peuvent contenir des cookies envoy\u00e9s par des tiers (par exemple des agences de publicit\u00e9 ou des clients publicitaires). Nous n&rsquo;avons pas acc\u00e8s \u00e0 ces cookies ni aux informations qu&rsquo;ils contiennent. Nous vous encourageons \u00e0 contacter l&rsquo;annonceur ou sa politique de confidentialit\u00e9 pour plus d&rsquo;informations sur ces cookies. Les liens d&rsquo;autres sites web qui apparaissent sur le site web peuvent \u00e9galement envoyer des cookies, mais nous ne contr\u00f4lons pas ces activit\u00e9s.<\/span><\/p>\n<p><b>Prestations sp\u00e9cialis\u00e9es<\/b><span style=\"font-weight: 400;\"> <b>2015 Inc. <\/b>utilise des cookies pour suivre l&rsquo;utilisation du site web et personnaliser davantage votre exp\u00e9rience lorsque vous visitez le site web. Le suivi de l&rsquo;utilisation nous permet de d\u00e9terminer quelles sont les fonctionnalit\u00e9s du site web qui r\u00e9pondent le mieux aux besoins des utilisateurs.<\/span><\/p>\n<p><span style=\"font-weight: 400;\">D&rsquo;une mani\u00e8re g\u00e9n\u00e9rale, l&rsquo;utilisation de cookies permet de vous offrir une exp\u00e9rience plus personnalis\u00e9e sur le site web. Les informations sont utilis\u00e9es pour que notre site Web reste \u00e0 jour et pertinent pour l&rsquo;utilisateur. Les cookies vous identifient \u00e9galement aupr\u00e8s de notre serveur, ce qui vous \u00e9vite d&rsquo;avoir \u00e0 retaper votre adresse \u00e9lectronique et votre mot de passe \u00e0 chaque fois que vous acc\u00e9dez au site web. Vous pouvez refuser d&rsquo;accepter les cookies envoy\u00e9s par le site web en s\u00e9lectionnant une option de votre navigateur pour rejeter les cookies. Toutefois, les parties du site qui n\u00e9cessitent une inscription ne vous seront pas accessibles. Dans ce cas, nous vous demandons de vous inscrire et de nous fournir des informations de base sur notre page d&rsquo;inscription, ou de vous connecter si vous \u00eates d\u00e9j\u00e0 inscrit. Les cookies permettent \u00e0 notre serveur de savoir que vous \u00eates un utilisateur enregistr\u00e9 et vous \u00e9vitent d&rsquo;avoir \u00e0 vous connecter \u00e0 chaque fois que vous acc\u00e9dez \u00e0 notre site web.<\/span><\/p>\n<\/p>\n<p><b>SECTION 7 &#8211; \u00c2GE DU CONSENTEMENT<\/b><\/p>\n<p><span style=\"font-weight: 400;\">En utilisant ce site web, vous d\u00e9clarez que vous avez au moins l&rsquo;\u00e2ge de la majorit\u00e9 dans votre \u00c9tat ou province de r\u00e9sidence, ou que vous avez l&rsquo;\u00e2ge de la majorit\u00e9 dans votre \u00c9tat ou province de r\u00e9sidence et que vous nous avez donn\u00e9 votre accord pour permettre \u00e0 toute personne mineure \u00e0 votre charge d&rsquo;utiliser ce site web.<\/span><\/p>\n<p><b>SECTION 8 &#8211; MODIFICATIONS DE LA POLITIQUE DE PROTECTION DE LA VIE PRIVEE<\/b><\/p>\n<p><span style=\"font-weight: 400;\">Nous nous r\u00e9servons le droit de modifier cette politique de confidentialit\u00e9 \u00e0 tout moment, c&rsquo;est pourquoi nous vous invitons \u00e0 la consulter r\u00e9guli\u00e8rement. Les modifications et clarifications prendront effet imm\u00e9diatement apr\u00e8s leur publication sur le site web. Si nous apportons des modifications importantes \u00e0 cette politique, nous vous informerons ici qu&rsquo;elle a \u00e9t\u00e9 mise \u00e0 jour, afin que vous sachiez quelles informations nous recueillons, comment nous les utilisons et dans quelles circonstances, le cas \u00e9ch\u00e9ant, nous les utilisons et\/ou les divulguons.<\/span><\/p>\n<p><span style=\"font-weight: 400;\">Si notre soci\u00e9t\u00e9 est acquise ou fusionn\u00e9e avec une autre soci\u00e9t\u00e9, vos informations peuvent \u00eatre transf\u00e9r\u00e9es aux nouveaux propri\u00e9taires afin que nous puissions continuer \u00e0 vous vendre des produits.<\/span><\/p>\n<\/p>\n<p><b>SECTION 9 &#8211; RECONNAISSANCE DU CLIENT  <\/b><\/p>\n<p>En acc\u00e9dant \u00e0 ce site, vous acceptez d&rsquo;\u00eatre inform\u00e9 et de comprendre les implications de la divulgation, y compris tout conflit d&rsquo;int\u00e9r\u00eats ou conflit d&rsquo;int\u00e9r\u00eats potentiel associ\u00e9 \u00e0 Specialized Benefits 2015 Inc. en relation avec toute recommandation faite.<\/p>\n<p>En acc\u00e9dant \u00e0 ce site, vous acceptez de poursuivre les discussions avec Specialized Benefits 2015 Inc. et comprenez que vous pouvez demander des informations suppl\u00e9mentaires concernant cette divulgation.<\/p>\n<p>En acc\u00e9dant \u00e0 ce site, vous confirmez que vous avez \u00e9t\u00e9 inform\u00e9 de la politique de confidentialit\u00e9 de l&rsquo;entreprise, que vous l&rsquo;avez examin\u00e9e et que vous l&rsquo;acceptez.<\/p>\n<h4><a href=\"https:\/\/specializedbenefits.com\/wp-content\/uploads\/2022\/08\/Disclosure-Document-Specialized-Benefits-2015-Inc-002.pdf\" target=\"_blank\" rel=\"noopener\">Signer la d\u00e9claration des conseillers<\/a><\/h4>\n\t\t\t\t\t\t\t\t<\/div>\n\t\t\t\t<\/div>\n\t\t\t\t\t<\/div>\n\t\t\t\t<\/div>\n\t\t<div class=\"elementor-element elementor-element-9ffd1e7 e-flex e-con-boxed e-con e-parent\" data-id=\"9ffd1e7\" data-element_type=\"container\" data-e-type=\"container\">\n\t\t\t\t\t<div class=\"e-con-inner\">\n\t\t\t\t<div class=\"elementor-element elementor-element-c407bb0 elementor-button-align-start elementor-widget elementor-widget-form\" data-id=\"c407bb0\" data-element_type=\"widget\" data-e-type=\"widget\" data-settings=\"{&quot;button_width&quot;:&quot;20&quot;,&quot;step_next_label&quot;:&quot;Suivant&quot;,&quot;step_previous_label&quot;:&quot;Pr\\u00e9c\\u00e9dent&quot;,&quot;step_type&quot;:&quot;number_text&quot;,&quot;step_icon_shape&quot;:&quot;circle&quot;}\" data-widget_type=\"form.default\">\n\t\t\t\t<div class=\"elementor-widget-container\">\n\t\t\t\t\t\t\t<form class=\"elementor-form\" method=\"post\" name=\"Nouveau formulaire\" aria-label=\"Nouveau formulaire\">\n\t\t\t<input type=\"hidden\" name=\"post_id\" value=\"707\"\/>\n\t\t\t<input type=\"hidden\" name=\"form_id\" value=\"c407bb0\"\/>\n\t\t\t<input type=\"hidden\" name=\"referer_title\" value=\"Politique de confidentialit\u00e9 - Specialized Benefits\" \/>\n\n\t\t\t\t\t\t\t<input type=\"hidden\" name=\"queried_id\" value=\"707\"\/>\n\t\t\t\n\t\t\t<div class=\"elementor-form-fields-wrapper elementor-labels-above\">\n\t\t\t\t\t\t\t\t<div class=\"elementor-field-type-text elementor-field-group elementor-column elementor-field-group-name elementor-col-100 elementor-field-required\">\n\t\t\t\t\t\t\t\t\t\t\t\t\t<input size=\"1\" type=\"text\" name=\"form_fields[name]\" id=\"form-field-name\" class=\"elementor-field elementor-size-sm  elementor-field-textual\" placeholder=\"Votre nom\" required=\"required\">\n\t\t\t\t\t\t\t\t\t\t\t<\/div>\n\t\t\t\t\t\t\t\t<div class=\"elementor-field-type-date elementor-field-group elementor-column elementor-field-group-email elementor-col-100 elementor-field-required\">\n\t\t\t\t\t\n\t\t<input type=\"date\" name=\"form_fields[email]\" id=\"form-field-email\" class=\"elementor-field elementor-size-sm  elementor-field-textual elementor-date-field\" placeholder=\"Date\" required=\"required\" pattern=\"[0-9]{4}-[0-9]{2}-[0-9]{2}\">\n\t\t\t\t\t\t<\/div>\n\t\t\t\t\t\t\t\t<div class=\"elementor-field-group elementor-column elementor-field-type-submit elementor-col-20 e-form__buttons\">\n\t\t\t\t\t<button class=\"elementor-button elementor-size-sm\" type=\"submit\">\n\t\t\t\t\t\t<span class=\"elementor-button-content-wrapper\">\n\t\t\t\t\t\t\t\t\t\t\t\t\t\t\t\t\t\t\t\t\t\t<span class=\"elementor-button-text\">Signer notre politique de confidentialit\u00e9<\/span>\n\t\t\t\t\t\t\t\t\t\t\t\t\t<\/span>\n\t\t\t\t\t<\/button>\n\t\t\t\t<\/div>\n\t\t\t<\/div>\n\t\t<\/form>\n\t\t\t\t\t\t<\/div>\n\t\t\t\t<\/div>\n\t\t\t\t<div class=\"elementor-element elementor-element-593a56c elementor-widget elementor-widget-text-editor\" data-id=\"593a56c\" data-element_type=\"widget\" data-e-type=\"widget\" data-widget_type=\"text-editor.default\">\n\t\t\t\t<div class=\"elementor-widget-container\">\n\t\t\t\t\t\t\t\t\t<p><b>QUESTIONS ET INFORMATIONS DE CONTACT<\/b><\/p>\n<p><span style=\"font-weight: 400;\">Si vous souhaitez : acc\u00e9der, corriger, modifier ou supprimer toute information personnelle vous concernant, d\u00e9poser une plainte ou simplement obtenir de plus amples informations, veuillez contacter notre responsable de la protection de la vie priv\u00e9e \u00e0 l&rsquo;adresse suivante <\/span><b>info@specializedbenefits.com<\/b> <span style=\"font-weight: 400;\">ou par courrier \u00e0 l&rsquo;adresse suivante<\/span><\/p>\n<p><b>PRESTATIONS SP\u00c9CIALIS\u00c9ES 2015 INC.<\/b><\/p>\n<p><span style=\"font-weight: 400;\">[Re : Responsable du respect de la vie priv\u00e9e]<\/span><\/p>\n<p>#15, 2016 Sherwood Dr, Sherwood Park, AB T8A 3X3<\/p><\/p>\n\t\t\t\t\t\t\t\t<\/div>\n\t\t\t\t<\/div>\n\t\t\t\t\t<\/div>\n\t\t\t\t<\/div>\n\t\t\t\t<\/div>\n\t\t","protected":false},"excerpt":{"rendered":"<p>POLITIQUE DE CONFIDENTIALIT\u00c9 SECTION 1 &#8211; QUE FAISONS-NOUS DE VOS INFORMATIONS ? Lorsque vous soumettez un formulaire, tel que notre formulaire de contact ou notre formulaire de candidature, nous recueillons les informations personnelles que vous nous fournissez, telles que votre nom, votre adresse et votre adresse \u00e9lectronique. Lorsque vous naviguez sur notre site web, nous [&hellip;]<\/p>\n","protected":false},"author":1,"featured_media":0,"parent":0,"menu_order":0,"comment_status":"closed","ping_status":"closed","template":"","meta":{"footnotes":""},"class_list":["post-707","page","type-page","status-publish","hentry"],"yoast_head":"<!-- This site is optimized with the Yoast SEO plugin v27.4 - https:\/\/yoast.com\/product\/yoast-seo-wordpress\/ -->\n<title>Politique de confidentialit\u00e9 - Specialized Benefits<\/title>\n<meta name=\"robots\" content=\"index, follow, max-snippet:-1, max-image-preview:large, max-video-preview:-1\" \/>\n<link rel=\"canonical\" href=\"https:\/\/specializedbenefits.com\/privacy-policy\/\" \/>\n<meta property=\"og:locale\" content=\"fr_FR\" \/>\n<meta property=\"og:type\" content=\"article\" \/>\n<meta property=\"og:title\" content=\"Politique de confidentialit\u00e9 - Specialized Benefits\" \/>\n<meta property=\"og:description\" content=\"POLITIQUE DE CONFIDENTIALIT\u00c9 SECTION 1 &#8211; QUE FAISONS-NOUS DE VOS INFORMATIONS ? Lorsque vous soumettez un formulaire, tel que notre formulaire de contact ou notre formulaire de candidature, nous recueillons les informations personnelles que vous nous fournissez, telles que votre nom, votre adresse et votre adresse \u00e9lectronique. Lorsque vous naviguez sur notre site web, nous [&hellip;]\" \/>\n<meta property=\"og:url\" content=\"https:\/\/specializedbenefits.com\/privacy-policy\/\" \/>\n<meta property=\"og:site_name\" content=\"Specialized Benefits\" \/>\n<meta property=\"article:modified_time\" content=\"2025-02-27T15:00:12+00:00\" \/>\n<meta name=\"twitter:card\" content=\"summary_large_image\" \/>\n<meta name=\"twitter:label1\" content=\"Dur\u00e9e de lecture estim\u00e9e\" \/>\n\t<meta name=\"twitter:data1\" content=\"8 minutes\" \/>\n<script type=\"application\/ld+json\" class=\"yoast-schema-graph\">{\"@context\":\"https:\\\/\\\/schema.org\",\"@graph\":[{\"@type\":\"WebPage\",\"@id\":\"https:\\\/\\\/specializedbenefits.com\\\/privacy-policy\\\/\",\"url\":\"https:\\\/\\\/specializedbenefits.com\\\/privacy-policy\\\/\",\"name\":\"Politique de confidentialit\u00e9 - Specialized Benefits\",\"isPartOf\":{\"@id\":\"https:\\\/\\\/specializedbenefits.com\\\/#website\"},\"datePublished\":\"2024-01-09T17:57:34+00:00\",\"dateModified\":\"2025-02-27T15:00:12+00:00\",\"breadcrumb\":{\"@id\":\"https:\\\/\\\/specializedbenefits.com\\\/privacy-policy\\\/#breadcrumb\"},\"inLanguage\":\"fr-FR\",\"potentialAction\":[{\"@type\":\"ReadAction\",\"target\":[\"https:\\\/\\\/specializedbenefits.com\\\/privacy-policy\\\/\"]}]},{\"@type\":\"BreadcrumbList\",\"@id\":\"https:\\\/\\\/specializedbenefits.com\\\/privacy-policy\\\/#breadcrumb\",\"itemListElement\":[{\"@type\":\"ListItem\",\"position\":1,\"name\":\"Home\",\"item\":\"https:\\\/\\\/specializedbenefits.com\\\/fr\\\/\"},{\"@type\":\"ListItem\",\"position\":2,\"name\":\"Politique de confidentialit\u00e9\"}]},{\"@type\":\"WebSite\",\"@id\":\"https:\\\/\\\/specializedbenefits.com\\\/#website\",\"url\":\"https:\\\/\\\/specializedbenefits.com\\\/\",\"name\":\"Specialized Benefits\",\"description\":\"\",\"publisher\":{\"@id\":\"https:\\\/\\\/specializedbenefits.com\\\/#organization\"},\"potentialAction\":[{\"@type\":\"SearchAction\",\"target\":{\"@type\":\"EntryPoint\",\"urlTemplate\":\"https:\\\/\\\/specializedbenefits.com\\\/?s={search_term_string}\"},\"query-input\":{\"@type\":\"PropertyValueSpecification\",\"valueRequired\":true,\"valueName\":\"search_term_string\"}}],\"inLanguage\":\"fr-FR\"},{\"@type\":\"Organization\",\"@id\":\"https:\\\/\\\/specializedbenefits.com\\\/#organization\",\"name\":\"Specialized Benefits\",\"url\":\"https:\\\/\\\/specializedbenefits.com\\\/\",\"logo\":{\"@type\":\"ImageObject\",\"inLanguage\":\"fr-FR\",\"@id\":\"https:\\\/\\\/specializedbenefits.com\\\/#\\\/schema\\\/logo\\\/image\\\/\",\"url\":\"https:\\\/\\\/specializedbenefits.com\\\/wp-content\\\/uploads\\\/2023\\\/10\\\/Specialized-Benefits-Black-1.png\",\"contentUrl\":\"https:\\\/\\\/specializedbenefits.com\\\/wp-content\\\/uploads\\\/2023\\\/10\\\/Specialized-Benefits-Black-1.png\",\"width\":318,\"height\":85,\"caption\":\"Specialized Benefits\"},\"image\":{\"@id\":\"https:\\\/\\\/specializedbenefits.com\\\/#\\\/schema\\\/logo\\\/image\\\/\"}}]}<\/script>\n<!-- \/ Yoast SEO plugin. -->","yoast_head_json":{"title":"Politique de confidentialit\u00e9 - Specialized Benefits","robots":{"index":"index","follow":"follow","max-snippet":"max-snippet:-1","max-image-preview":"max-image-preview:large","max-video-preview":"max-video-preview:-1"},"canonical":"https:\/\/specializedbenefits.com\/privacy-policy\/","og_locale":"fr_FR","og_type":"article","og_title":"Politique de confidentialit\u00e9 - Specialized Benefits","og_description":"POLITIQUE DE CONFIDENTIALIT\u00c9 SECTION 1 &#8211; QUE FAISONS-NOUS DE VOS INFORMATIONS ? Lorsque vous soumettez un formulaire, tel que notre formulaire de contact ou notre formulaire de candidature, nous recueillons les informations personnelles que vous nous fournissez, telles que votre nom, votre adresse et votre adresse \u00e9lectronique. Lorsque vous naviguez sur notre site web, nous [&hellip;]","og_url":"https:\/\/specializedbenefits.com\/privacy-policy\/","og_site_name":"Specialized Benefits","article_modified_time":"2025-02-27T15:00:12+00:00","twitter_card":"summary_large_image","twitter_misc":{"Dur\u00e9e de lecture estim\u00e9e":"8 minutes"},"schema":{"@context":"https:\/\/schema.org","@graph":[{"@type":"WebPage","@id":"https:\/\/specializedbenefits.com\/privacy-policy\/","url":"https:\/\/specializedbenefits.com\/privacy-policy\/","name":"Politique de confidentialit\u00e9 - Specialized Benefits","isPartOf":{"@id":"https:\/\/specializedbenefits.com\/#website"},"datePublished":"2024-01-09T17:57:34+00:00","dateModified":"2025-02-27T15:00:12+00:00","breadcrumb":{"@id":"https:\/\/specializedbenefits.com\/privacy-policy\/#breadcrumb"},"inLanguage":"fr-FR","potentialAction":[{"@type":"ReadAction","target":["https:\/\/specializedbenefits.com\/privacy-policy\/"]}]},{"@type":"BreadcrumbList","@id":"https:\/\/specializedbenefits.com\/privacy-policy\/#breadcrumb","itemListElement":[{"@type":"ListItem","position":1,"name":"Home","item":"https:\/\/specializedbenefits.com\/fr\/"},{"@type":"ListItem","position":2,"name":"Politique de confidentialit\u00e9"}]},{"@type":"WebSite","@id":"https:\/\/specializedbenefits.com\/#website","url":"https:\/\/specializedbenefits.com\/","name":"Specialized Benefits","description":"","publisher":{"@id":"https:\/\/specializedbenefits.com\/#organization"},"potentialAction":[{"@type":"SearchAction","target":{"@type":"EntryPoint","urlTemplate":"https:\/\/specializedbenefits.com\/?s={search_term_string}"},"query-input":{"@type":"PropertyValueSpecification","valueRequired":true,"valueName":"search_term_string"}}],"inLanguage":"fr-FR"},{"@type":"Organization","@id":"https:\/\/specializedbenefits.com\/#organization","name":"Specialized Benefits","url":"https:\/\/specializedbenefits.com\/","logo":{"@type":"ImageObject","inLanguage":"fr-FR","@id":"https:\/\/specializedbenefits.com\/#\/schema\/logo\/image\/","url":"https:\/\/specializedbenefits.com\/wp-content\/uploads\/2023\/10\/Specialized-Benefits-Black-1.png","contentUrl":"https:\/\/specializedbenefits.com\/wp-content\/uploads\/2023\/10\/Specialized-Benefits-Black-1.png","width":318,"height":85,"caption":"Specialized Benefits"},"image":{"@id":"https:\/\/specializedbenefits.com\/#\/schema\/logo\/image\/"}}]}},"_links":{"self":[{"href":"https:\/\/specializedbenefits.com\/fr\/wp-json\/wp\/v2\/pages\/707","targetHints":{"allow":["GET"]}}],"collection":[{"href":"https:\/\/specializedbenefits.com\/fr\/wp-json\/wp\/v2\/pages"}],"about":[{"href":"https:\/\/specializedbenefits.com\/fr\/wp-json\/wp\/v2\/types\/page"}],"author":[{"embeddable":true,"href":"https:\/\/specializedbenefits.com\/fr\/wp-json\/wp\/v2\/users\/1"}],"replies":[{"embeddable":true,"href":"https:\/\/specializedbenefits.com\/fr\/wp-json\/wp\/v2\/comments?post=707"}],"version-history":[{"count":0,"href":"https:\/\/specializedbenefits.com\/fr\/wp-json\/wp\/v2\/pages\/707\/revisions"}],"wp:attachment":[{"href":"https:\/\/specializedbenefits.com\/fr\/wp-json\/wp\/v2\/media?parent=707"}],"curies":[{"name":"wp","href":"https:\/\/api.w.org\/{rel}","templated":true}]}}