{"id":678,"date":"2023-12-14T23:33:16","date_gmt":"2023-12-14T23:33:16","guid":{"rendered":"https:\/\/specializedbenefits.amplomedia.com\/nous-contacter\/"},"modified":"2025-02-27T15:06:57","modified_gmt":"2025-02-27T15:06:57","slug":"nous-contacter","status":"publish","type":"page","link":"https:\/\/specializedbenefits.com\/fr\/nous-contacter\/","title":{"rendered":"Nous contacter"},"content":{"rendered":"\t\t<div data-elementor-type=\"wp-page\" data-elementor-id=\"678\" class=\"elementor elementor-678 elementor-141\" wpc-filter-elementor-widget=\"1\" data-elementor-post-type=\"page\">\n\t\t\t\t<div class=\"elementor-element elementor-element-28bcadc e-flex e-con-boxed e-con e-parent\" data-id=\"28bcadc\" data-element_type=\"container\" data-e-type=\"container\" data-settings=\"{&quot;background_background&quot;:&quot;classic&quot;}\">\n\t\t\t\t\t<div class=\"e-con-inner\">\n\t\t<div class=\"elementor-element elementor-element-b792bcd e-con-full e-flex e-con e-child\" data-id=\"b792bcd\" data-element_type=\"container\" data-e-type=\"container\">\n\t\t\t\t<div class=\"elementor-element elementor-element-c7ae1fd elementor-widget elementor-widget-heading\" data-id=\"c7ae1fd\" data-element_type=\"widget\" data-e-type=\"widget\" data-widget_type=\"heading.default\">\n\t\t\t\t<div class=\"elementor-widget-container\">\n\t\t\t\t\t<h2 class=\"elementor-heading-title elementor-size-default\">Nous contacter<\/h2>\t\t\t\t<\/div>\n\t\t\t\t<\/div>\n\t\t<div class=\"elementor-element elementor-element-72a7fd6 e-flex e-con-boxed e-con e-child\" data-id=\"72a7fd6\" data-element_type=\"container\" data-e-type=\"container\">\n\t\t\t\t\t<div class=\"e-con-inner\">\n\t\t\t\t<div class=\"elementor-element elementor-element-ca3d5eb elementor-widget elementor-widget-button\" data-id=\"ca3d5eb\" data-element_type=\"widget\" data-e-type=\"widget\" data-widget_type=\"button.default\">\n\t\t\t\t<div class=\"elementor-widget-container\">\n\t\t\t\t\t\t\t\t\t<div class=\"elementor-button-wrapper\">\n\t\t\t\t\t<a class=\"elementor-button elementor-button-link elementor-size-sm\" href=\"https:\/\/specializedbenefits.com\/a-propos-de-nous\/?lang=fr\">\n\t\t\t\t\t\t<span class=\"elementor-button-content-wrapper\">\n\t\t\t\t\t\t\t\t\t<span class=\"elementor-button-text\">\u00c0 propos de nous<\/span>\n\t\t\t\t\t<\/span>\n\t\t\t\t\t<\/a>\n\t\t\t\t<\/div>\n\t\t\t\t\t\t\t\t<\/div>\n\t\t\t\t<\/div>\n\t\t\t\t\t<\/div>\n\t\t\t\t<\/div>\n\t\t\t\t<\/div>\n\t\t<div class=\"elementor-element elementor-element-9ed20c3 elementor-hidden-mobile e-flex e-con-boxed e-con e-child\" data-id=\"9ed20c3\" data-element_type=\"container\" data-e-type=\"container\">\n\t\t\t\t\t<div class=\"e-con-inner\">\n\t\t\t\t\t<\/div>\n\t\t\t\t<\/div>\n\t\t\t\t\t<\/div>\n\t\t\t\t<\/div>\n\t\t<div class=\"elementor-element elementor-element-1a4bb8c e-flex e-con-boxed e-con e-parent\" data-id=\"1a4bb8c\" data-element_type=\"container\" data-e-type=\"container\">\n\t\t\t\t\t<div class=\"e-con-inner\">\n\t\t<div class=\"elementor-element elementor-element-c40654d e-con-full e-flex e-con e-child\" data-id=\"c40654d\" data-element_type=\"container\" data-e-type=\"container\">\n\t\t\t\t<div class=\"elementor-element elementor-element-fc4e9cf elementor-widget elementor-widget-heading\" data-id=\"fc4e9cf\" data-element_type=\"widget\" data-e-type=\"widget\" data-widget_type=\"heading.default\">\n\t\t\t\t<div class=\"elementor-widget-container\">\n\t\t\t\t\t<h2 class=\"elementor-heading-title elementor-size-default\">Contactez <\/br>\n<span style=\"color: #000000\">avec des prestations sp\u00e9cialis\u00e9es<\/span><\/h2>\t\t\t\t<\/div>\n\t\t\t\t<\/div>\n\t\t\t\t<div class=\"elementor-element elementor-element-abe2a06 elementor-widget elementor-widget-text-editor\" data-id=\"abe2a06\" data-element_type=\"widget\" data-e-type=\"widget\" data-widget_type=\"text-editor.default\">\n\t\t\t\t<div class=\"elementor-widget-container\">\n\t\t\t\t\t\t\t\t\t<p>Que vous soyez un chef d&rsquo;entreprise \u00e0 la recherche de solutions d&rsquo;assurance compl\u00e8tes pour votre \u00e9quipe ou un particulier d\u00e9sireux d&rsquo;assurer l&rsquo;avenir de sa famille, Specialized Benefits est l\u00e0 pour vous aider.<\/p>\n<p>Notre \u00e9quipe d&rsquo;experts s&rsquo;attache \u00e0 fournir des r\u00e9gimes d&rsquo;assurance et de prestations clairs, accessibles et efficaces, adapt\u00e9s \u00e0 vos besoins sp\u00e9cifiques.<\/p>\n<p>Contactez-nous d\u00e8s aujourd&rsquo;hui pour entamer un voyage sans stress vers la s\u00e9curit\u00e9 financi\u00e8re et le bien-\u00eatre.<\/p>\n\t\t\t\t\t\t\t\t<\/div>\n\t\t\t\t<\/div>\n\t\t\t\t<\/div>\n\t\t<div class=\"elementor-element elementor-element-e6cd545 e-flex e-con-boxed e-con e-child\" data-id=\"e6cd545\" data-element_type=\"container\" data-e-type=\"container\">\n\t\t\t\t\t<div class=\"e-con-inner\">\n\t\t\t\t<div class=\"elementor-element elementor-element-fb6520e elementor-button-align-start elementor-widget elementor-widget-form\" data-id=\"fb6520e\" data-element_type=\"widget\" data-e-type=\"widget\" data-settings=\"{&quot;button_width&quot;:&quot;50&quot;,&quot;step_next_label&quot;:&quot;Suivant&quot;,&quot;step_previous_label&quot;:&quot;Pr\\u00e9c\\u00e9dent&quot;,&quot;step_type&quot;:&quot;number_text&quot;,&quot;step_icon_shape&quot;:&quot;circle&quot;}\" data-widget_type=\"form.default\">\n\t\t\t\t<div class=\"elementor-widget-container\">\n\t\t\t\t\t\t\t<form class=\"elementor-form\" method=\"post\" name=\"Nouveau formulaire\" aria-label=\"Nouveau formulaire\">\n\t\t\t<input type=\"hidden\" name=\"post_id\" value=\"678\"\/>\n\t\t\t<input type=\"hidden\" name=\"form_id\" value=\"fb6520e\"\/>\n\t\t\t<input type=\"hidden\" name=\"referer_title\" value=\"Contactez-nous - Prestations sp\u00e9cialis\u00e9es\" \/>\n\n\t\t\t\t\t\t\t<input type=\"hidden\" name=\"queried_id\" value=\"678\"\/>\n\t\t\t\n\t\t\t<div class=\"elementor-form-fields-wrapper elementor-labels-above\">\n\t\t\t\t\t\t\t\t<div class=\"elementor-field-type-text elementor-field-group elementor-column elementor-field-group-name elementor-col-100 elementor-field-required elementor-mark-required\">\n\t\t\t\t\t\t\t\t\t\t\t\t\t<input size=\"1\" type=\"text\" name=\"form_fields[name]\" id=\"form-field-name\" class=\"elementor-field elementor-size-md  elementor-field-textual\" placeholder=\"Pr\u00e9nom\" required=\"required\">\n\t\t\t\t\t\t\t\t\t\t\t<\/div>\n\t\t\t\t\t\t\t\t<div class=\"elementor-field-type-text elementor-field-group elementor-column elementor-field-group-email elementor-col-100 elementor-field-required elementor-mark-required\">\n\t\t\t\t\t\t\t\t\t\t\t\t\t<input size=\"1\" type=\"text\" name=\"form_fields[email]\" id=\"form-field-email\" class=\"elementor-field elementor-size-md  elementor-field-textual\" placeholder=\"Nom de famille\" required=\"required\">\n\t\t\t\t\t\t\t\t\t\t\t<\/div>\n\t\t\t\t\t\t\t\t<div class=\"elementor-field-type-email elementor-field-group elementor-column elementor-field-group-field_5a280f2 elementor-col-100 elementor-field-required elementor-mark-required\">\n\t\t\t\t\t\t\t\t\t\t\t\t\t<input size=\"1\" type=\"email\" name=\"form_fields[field_5a280f2]\" id=\"form-field-field_5a280f2\" class=\"elementor-field elementor-size-md  elementor-field-textual\" placeholder=\"Nom de l&#039;entreprise\" required=\"required\">\n\t\t\t\t\t\t\t\t\t\t\t<\/div>\n\t\t\t\t\t\t\t\t<div class=\"elementor-field-type-textarea elementor-field-group elementor-column elementor-field-group-message elementor-col-100\">\n\t\t\t\t\t<textarea class=\"elementor-field-textual elementor-field  elementor-size-md\" name=\"form_fields[message]\" id=\"form-field-message\" rows=\"4\" placeholder=\"Message\"><\/textarea>\t\t\t\t<\/div>\n\t\t\t\t\t\t\t\t<div class=\"elementor-field-type-checkbox elementor-field-group elementor-column elementor-field-group-field_63c1a02 elementor-col-100\">\n\t\t\t\t\t<div class=\"elementor-field-subgroup  \"><span class=\"elementor-field-option\"><input type=\"checkbox\" value=\"Oui ! Je souhaite recevoir des informations pr\u00e9cieuses, des points de vue et des mises \u00e0 jour de Specialized Benefits.\" id=\"form-field-field_63c1a02-0\" name=\"form_fields[field_63c1a02]\"> <label for=\"form-field-field_63c1a02-0\">Oui ! Je souhaite recevoir des informations pr\u00e9cieuses, des points de vue et des mises \u00e0 jour de Specialized Benefits.<\/label><\/span><\/div>\t\t\t\t<\/div>\n\t\t\t\t\t\t\t\t<div class=\"elementor-field-type-recaptcha_v3 elementor-field-group elementor-column elementor-field-group-field_aa58127 elementor-col-100 recaptcha_v3-bottomright\">\n\t\t\t\t\t<div class=\"elementor-field\" id=\"form-field-field_aa58127\"><div class=\"elementor-g-recaptcha\" data-sitekey=\"6LeI3pcqAAAAAGq_mGoOwihEldQxAbg4Mu9npJ_K\" data-type=\"v3\" data-action=\"Form\" data-badge=\"bottomright\" data-size=\"invisible\"><\/div><\/div>\t\t\t\t<\/div>\n\t\t\t\t\t\t\t\t<div class=\"elementor-field-type-text\">\n\t\t\t\t\t<input size=\"1\" type=\"text\" name=\"form_fields[field_33cebb7]\" id=\"form-field-field_33cebb7\" class=\"elementor-field elementor-size-md \" style=\"display:none !important;\">\t\t\t\t<\/div>\n\t\t\t\t\t\t\t\t<div class=\"elementor-field-group elementor-column elementor-field-type-submit elementor-col-50 e-form__buttons\">\n\t\t\t\t\t<button class=\"elementor-button elementor-size-md\" type=\"submit\">\n\t\t\t\t\t\t<span class=\"elementor-button-content-wrapper\">\n\t\t\t\t\t\t\t\t\t\t\t\t\t\t\t\t\t\t\t\t\t\t<span class=\"elementor-button-text\">Soumettre<\/span>\n\t\t\t\t\t\t\t\t\t\t\t\t\t<\/span>\n\t\t\t\t\t<\/button>\n\t\t\t\t<\/div>\n\t\t\t<\/div>\n\t\t<\/form>\n\t\t\t\t\t\t<\/div>\n\t\t\t\t<\/div>\n\t\t\t\t\t<\/div>\n\t\t\t\t<\/div>\n\t\t\t\t\t<\/div>\n\t\t\t\t<\/div>\n\t\t<div class=\"elementor-element elementor-element-b9dc4ac e-flex e-con-boxed e-con e-parent\" data-id=\"b9dc4ac\" data-element_type=\"container\" data-e-type=\"container\">\n\t\t\t\t\t<div class=\"e-con-inner\">\n\t\t\t\t<div class=\"elementor-element elementor-element-9fcb34d elementor-widget elementor-widget-heading\" data-id=\"9fcb34d\" data-element_type=\"widget\" data-e-type=\"widget\" data-widget_type=\"heading.default\">\n\t\t\t\t<div class=\"elementor-widget-container\">\n\t\t\t\t\t<h2 class=\"elementor-heading-title elementor-size-default\">O\u00f9 nous trouver<\/h2>\t\t\t\t<\/div>\n\t\t\t\t<\/div>\n\t\t\t\t\t<\/div>\n\t\t\t\t<\/div>\n\t\t<div class=\"elementor-element elementor-element-8ff52da e-flex e-con-boxed e-con e-parent\" data-id=\"8ff52da\" data-element_type=\"container\" data-e-type=\"container\">\n\t\t\t\t\t<div class=\"e-con-inner\">\n\t\t<div class=\"elementor-element elementor-element-829e204 e-flex e-con-boxed e-con e-child\" data-id=\"829e204\" data-element_type=\"container\" data-e-type=\"container\">\n\t\t\t\t\t<div class=\"e-con-inner\">\n\t\t<div class=\"elementor-element elementor-element-17959f7 e-flex e-con-boxed e-con e-child\" data-id=\"17959f7\" data-element_type=\"container\" data-e-type=\"container\">\n\t\t\t\t\t<div class=\"e-con-inner\">\n\t\t\t\t<div class=\"elementor-element elementor-element-5a2030e elementor-widget elementor-widget-google_maps\" data-id=\"5a2030e\" data-element_type=\"widget\" data-e-type=\"widget\" data-widget_type=\"google_maps.default\">\n\t\t\t\t<div class=\"elementor-widget-container\">\n\t\t\t\t\t\t\t<div class=\"elementor-custom-embed\">\n\t\t\t<iframe loading=\"lazy\"\n\t\t\t\t\tsrc=\"https:\/\/maps.google.com\/maps?q=2016%20Sherwood%20Dr%2C%20Sherwood%20Park%2C%20AB%20T8A%203X3&#038;t=m&#038;z=10&#038;output=embed&#038;iwloc=near\"\n\t\t\t\t\ttitle=\"2016 Sherwood Dr, Sherwood Park, AB T8A 3X3\"\n\t\t\t\t\taria-label=\"2016 Sherwood Dr, Sherwood Park, AB T8A 3X3\"\n\t\t\t><\/iframe>\n\t\t<\/div>\n\t\t\t\t\t\t<\/div>\n\t\t\t\t<\/div>\n\t\t\t\t\t<\/div>\n\t\t\t\t<\/div>\n\t\t<div class=\"elementor-element elementor-element-d2df75b e-flex e-con-boxed e-con e-child\" data-id=\"d2df75b\" data-element_type=\"container\" data-e-type=\"container\">\n\t\t\t\t\t<div class=\"e-con-inner\">\n\t\t<div class=\"elementor-element elementor-element-57d4878 e-flex e-con-boxed e-con e-child\" data-id=\"57d4878\" data-element_type=\"container\" data-e-type=\"container\">\n\t\t\t\t\t<div class=\"e-con-inner\">\n\t\t\t\t<div class=\"elementor-element elementor-element-9d05e3d elementor-widget elementor-widget-heading\" data-id=\"9d05e3d\" data-element_type=\"widget\" data-e-type=\"widget\" data-widget_type=\"heading.default\">\n\t\t\t\t<div class=\"elementor-widget-container\">\n\t\t\t\t\t<h2 class=\"elementor-heading-title elementor-size-default\">Adresse<\/h2>\t\t\t\t<\/div>\n\t\t\t\t<\/div>\n\t\t\t\t<div class=\"elementor-element elementor-element-903a31c elementor-widget__width-inherit elementor-widget elementor-widget-text-editor\" data-id=\"903a31c\" data-element_type=\"widget\" data-e-type=\"widget\" data-widget_type=\"text-editor.default\">\n\t\t\t\t<div class=\"elementor-widget-container\">\n\t\t\t\t\t\t\t\t\t<p>#15, 2016 Sherwood Drive, Sherwood Park, AB T8A 3X3<\/p>\n\t\t\t\t\t\t\t\t<\/div>\n\t\t\t\t<\/div>\n\t\t\t\t\t<\/div>\n\t\t\t\t<\/div>\n\t\t<div class=\"elementor-element elementor-element-99a7760 e-flex e-con-boxed e-con e-child\" data-id=\"99a7760\" data-element_type=\"container\" data-e-type=\"container\">\n\t\t\t\t\t<div class=\"e-con-inner\">\n\t\t\t\t<div class=\"elementor-element elementor-element-3870a18 elementor-widget elementor-widget-heading\" data-id=\"3870a18\" data-element_type=\"widget\" data-e-type=\"widget\" data-widget_type=\"heading.default\">\n\t\t\t\t<div class=\"elementor-widget-container\">\n\t\t\t\t\t<h2 class=\"elementor-heading-title elementor-size-default\">Contact<\/h2>\t\t\t\t<\/div>\n\t\t\t\t<\/div>\n\t\t\t\t<div class=\"elementor-element elementor-element-f2beb4a elementor-widget__width-inherit elementor-widget elementor-widget-text-editor\" data-id=\"f2beb4a\" data-element_type=\"widget\" data-e-type=\"widget\" data-widget_type=\"text-editor.default\">\n\t\t\t\t<div class=\"elementor-widget-container\">\n\t\t\t\t\t\t\t\t\t<p>T\u00e9l\u00e9phone : 780-416-7911 780-416-7911<br \/>Email:info@specializedbenefits.com<\/p>\n\t\t\t\t\t\t\t\t<\/div>\n\t\t\t\t<\/div>\n\t\t\t\t\t<\/div>\n\t\t\t\t<\/div>\n\t\t<div class=\"elementor-element elementor-element-5d5a736 e-flex e-con-boxed e-con e-child\" data-id=\"5d5a736\" data-element_type=\"container\" data-e-type=\"container\">\n\t\t\t\t\t<div class=\"e-con-inner\">\n\t\t\t\t<div class=\"elementor-element elementor-element-46a94c0 elementor-widget elementor-widget-heading\" data-id=\"46a94c0\" data-element_type=\"widget\" data-e-type=\"widget\" data-widget_type=\"heading.default\">\n\t\t\t\t<div class=\"elementor-widget-container\">\n\t\t\t\t\t<h2 class=\"elementor-heading-title elementor-size-default\">Heures d'ouverture<\/h2>\t\t\t\t<\/div>\n\t\t\t\t<\/div>\n\t\t\t\t<div class=\"elementor-element elementor-element-3fb8144 elementor-widget__width-inherit elementor-widget elementor-widget-text-editor\" data-id=\"3fb8144\" data-element_type=\"widget\" data-e-type=\"widget\" data-widget_type=\"text-editor.default\">\n\t\t\t\t<div class=\"elementor-widget-container\">\n\t\t\t\t\t\t\t\t\t<p>Lundi : 9h00 &#8211; 17h00<br \/>Mardi : 9h00 &#8211; 17h00<br \/>Mercredi : 9h00 &#8211; 17h00<br \/>Jeudi : 9h00 &#8211; 17h00<br \/>Vendredi : 9h00 &#8211; 17h00<br \/>Samedi : Ferm\u00e9<\/p>\n\t\t\t\t\t\t\t\t<\/div>\n\t\t\t\t<\/div>\n\t\t\t\t\t<\/div>\n\t\t\t\t<\/div>\n\t\t\t\t\t<\/div>\n\t\t\t\t<\/div>\n\t\t\t\t\t<\/div>\n\t\t\t\t<\/div>\n\t\t\t\t\t<\/div>\n\t\t\t\t<\/div>\n\t\t<div class=\"elementor-element elementor-element-4b84a0c e-con-full e-flex e-con e-parent\" data-id=\"4b84a0c\" data-element_type=\"container\" data-e-type=\"container\" data-settings=\"{&quot;background_background&quot;:&quot;classic&quot;}\">\n\t\t\t\t<div class=\"elementor-element elementor-element-f9b9262 elementor-widget elementor-widget-image\" data-id=\"f9b9262\" data-element_type=\"widget\" data-e-type=\"widget\" data-widget_type=\"image.default\">\n\t\t\t\t<div class=\"elementor-widget-container\">\n\t\t\t\t\t\t\t\t\t\t\t\t\t\t\t<img fetchpriority=\"high\" decoding=\"async\" width=\"800\" height=\"331\" src=\"https:\/\/specializedbenefits.com\/wp-content\/uploads\/2023\/11\/Footer-Image-1-1024x424.png\" class=\"attachment-large size-large wp-image-415\" alt=\"Man and woman smiling with their arms out in a field. The sun is setting in the distance and a little girl sits on the man&#039;s shoulders\" srcset=\"https:\/\/specializedbenefits.com\/wp-content\/uploads\/2023\/11\/Footer-Image-1-1024x424.png 1024w, https:\/\/specializedbenefits.com\/wp-content\/uploads\/2023\/11\/Footer-Image-1-300x124.png 300w, https:\/\/specializedbenefits.com\/wp-content\/uploads\/2023\/11\/Footer-Image-1-768x318.png 768w, https:\/\/specializedbenefits.com\/wp-content\/uploads\/2023\/11\/Footer-Image-1-1536x636.png 1536w, https:\/\/specializedbenefits.com\/wp-content\/uploads\/2023\/11\/Footer-Image-1-2048x848.png 2048w\" sizes=\"(max-width: 800px) 100vw, 800px\" \/>\t\t\t\t\t\t\t\t\t\t\t\t\t\t\t<\/div>\n\t\t\t\t<\/div>\n\t\t\t\t<\/div>\n\t\t\t\t<\/div>\n\t\t","protected":false},"excerpt":{"rendered":"<p>Nous contacter \u00c0 propos de nous Contactez avec des prestations sp\u00e9cialis\u00e9es Que vous soyez un chef d&rsquo;entreprise \u00e0 la recherche de solutions d&rsquo;assurance compl\u00e8tes pour votre \u00e9quipe ou un particulier d\u00e9sireux d&rsquo;assurer l&rsquo;avenir de sa famille, Specialized Benefits est l\u00e0 pour vous aider. Notre \u00e9quipe d&rsquo;experts s&rsquo;attache \u00e0 fournir des r\u00e9gimes d&rsquo;assurance et de prestations [&hellip;]<\/p>\n","protected":false},"author":1,"featured_media":0,"parent":0,"menu_order":0,"comment_status":"closed","ping_status":"closed","template":"","meta":{"footnotes":""},"class_list":["post-678","page","type-page","status-publish","hentry"],"yoast_head":"<!-- This site is optimized with the Yoast SEO plugin v27.3 - https:\/\/yoast.com\/product\/yoast-seo-wordpress\/ -->\n<title>Contactez-nous - Prestations sp\u00e9cialis\u00e9es<\/title>\n<meta name=\"description\" content=\"Vous souhaitez b\u00e9n\u00e9ficier d&#039;une assurance compl\u00e8te ? Prenez contact d\u00e8s aujourd&#039;hui avec l&#039;\u00e9quipe de Specialized Benefits, leader du secteur.\" \/>\n<meta name=\"robots\" content=\"index, follow, max-snippet:-1, max-image-preview:large, max-video-preview:-1\" \/>\n<link rel=\"canonical\" href=\"https:\/\/specializedbenefits.com\/fr\/nous-contacter\/\" \/>\n<meta property=\"og:locale\" content=\"fr_FR\" \/>\n<meta property=\"og:type\" content=\"article\" \/>\n<meta property=\"og:title\" content=\"Contactez-nous - Prestations sp\u00e9cialis\u00e9es\" \/>\n<meta property=\"og:description\" content=\"Vous souhaitez b\u00e9n\u00e9ficier d&#039;une assurance compl\u00e8te ? Prenez contact d\u00e8s aujourd&#039;hui avec l&#039;\u00e9quipe de Specialized Benefits, leader du secteur.\" \/>\n<meta property=\"og:url\" content=\"https:\/\/specializedbenefits.com\/fr\/nous-contacter\/\" \/>\n<meta property=\"og:site_name\" content=\"Specialized Benefits\" \/>\n<meta property=\"article:modified_time\" content=\"2025-02-27T15:06:57+00:00\" \/>\n<meta property=\"og:image\" content=\"https:\/\/specializedbenefits.com\/wp-content\/uploads\/2023\/11\/Footer-Image-1-1024x424.png\" \/>\n<meta name=\"twitter:card\" content=\"summary_large_image\" \/>\n<meta name=\"twitter:label1\" content=\"Dur\u00e9e de lecture estim\u00e9e\" \/>\n\t<meta name=\"twitter:data1\" content=\"1 minute\" \/>\n<script type=\"application\/ld+json\" class=\"yoast-schema-graph\">{\"@context\":\"https:\\\/\\\/schema.org\",\"@graph\":[{\"@type\":\"WebPage\",\"@id\":\"https:\\\/\\\/specializedbenefits.com\\\/fr\\\/nous-contacter\\\/\",\"url\":\"https:\\\/\\\/specializedbenefits.com\\\/fr\\\/nous-contacter\\\/\",\"name\":\"Contactez-nous - Prestations sp\u00e9cialis\u00e9es\",\"isPartOf\":{\"@id\":\"https:\\\/\\\/specializedbenefits.com\\\/#website\"},\"primaryImageOfPage\":{\"@id\":\"https:\\\/\\\/specializedbenefits.com\\\/fr\\\/nous-contacter\\\/#primaryimage\"},\"image\":{\"@id\":\"https:\\\/\\\/specializedbenefits.com\\\/fr\\\/nous-contacter\\\/#primaryimage\"},\"thumbnailUrl\":\"https:\\\/\\\/specializedbenefits.com\\\/wp-content\\\/uploads\\\/2023\\\/11\\\/Footer-Image-1-1024x424.png\",\"datePublished\":\"2023-12-14T23:33:16+00:00\",\"dateModified\":\"2025-02-27T15:06:57+00:00\",\"description\":\"Vous souhaitez b\u00e9n\u00e9ficier d'une assurance compl\u00e8te ? Prenez contact d\u00e8s aujourd'hui avec l'\u00e9quipe de Specialized Benefits, leader du secteur.\",\"breadcrumb\":{\"@id\":\"https:\\\/\\\/specializedbenefits.com\\\/fr\\\/nous-contacter\\\/#breadcrumb\"},\"inLanguage\":\"fr-FR\",\"potentialAction\":[{\"@type\":\"ReadAction\",\"target\":[\"https:\\\/\\\/specializedbenefits.com\\\/fr\\\/nous-contacter\\\/\"]}]},{\"@type\":\"ImageObject\",\"inLanguage\":\"fr-FR\",\"@id\":\"https:\\\/\\\/specializedbenefits.com\\\/fr\\\/nous-contacter\\\/#primaryimage\",\"url\":\"https:\\\/\\\/specializedbenefits.com\\\/wp-content\\\/uploads\\\/2023\\\/11\\\/Footer-Image-1-1024x424.png\",\"contentUrl\":\"https:\\\/\\\/specializedbenefits.com\\\/wp-content\\\/uploads\\\/2023\\\/11\\\/Footer-Image-1-1024x424.png\"},{\"@type\":\"BreadcrumbList\",\"@id\":\"https:\\\/\\\/specializedbenefits.com\\\/fr\\\/nous-contacter\\\/#breadcrumb\",\"itemListElement\":[{\"@type\":\"ListItem\",\"position\":1,\"name\":\"Home\",\"item\":\"https:\\\/\\\/specializedbenefits.com\\\/fr\\\/\"},{\"@type\":\"ListItem\",\"position\":2,\"name\":\"Nous contacter\"}]},{\"@type\":\"WebSite\",\"@id\":\"https:\\\/\\\/specializedbenefits.com\\\/#website\",\"url\":\"https:\\\/\\\/specializedbenefits.com\\\/\",\"name\":\"Specialized Benefits\",\"description\":\"\",\"publisher\":{\"@id\":\"https:\\\/\\\/specializedbenefits.com\\\/#organization\"},\"potentialAction\":[{\"@type\":\"SearchAction\",\"target\":{\"@type\":\"EntryPoint\",\"urlTemplate\":\"https:\\\/\\\/specializedbenefits.com\\\/?s={search_term_string}\"},\"query-input\":{\"@type\":\"PropertyValueSpecification\",\"valueRequired\":true,\"valueName\":\"search_term_string\"}}],\"inLanguage\":\"fr-FR\"},{\"@type\":\"Organization\",\"@id\":\"https:\\\/\\\/specializedbenefits.com\\\/#organization\",\"name\":\"Specialized Benefits\",\"url\":\"https:\\\/\\\/specializedbenefits.com\\\/\",\"logo\":{\"@type\":\"ImageObject\",\"inLanguage\":\"fr-FR\",\"@id\":\"https:\\\/\\\/specializedbenefits.com\\\/#\\\/schema\\\/logo\\\/image\\\/\",\"url\":\"https:\\\/\\\/specializedbenefits.com\\\/wp-content\\\/uploads\\\/2023\\\/10\\\/Specialized-Benefits-Black-1.png\",\"contentUrl\":\"https:\\\/\\\/specializedbenefits.com\\\/wp-content\\\/uploads\\\/2023\\\/10\\\/Specialized-Benefits-Black-1.png\",\"width\":318,\"height\":85,\"caption\":\"Specialized Benefits\"},\"image\":{\"@id\":\"https:\\\/\\\/specializedbenefits.com\\\/#\\\/schema\\\/logo\\\/image\\\/\"}}]}<\/script>\n<!-- \/ Yoast SEO plugin. -->","yoast_head_json":{"title":"Contactez-nous - Prestations sp\u00e9cialis\u00e9es","description":"Vous souhaitez b\u00e9n\u00e9ficier d'une assurance compl\u00e8te ? Prenez contact d\u00e8s aujourd'hui avec l'\u00e9quipe de Specialized Benefits, leader du secteur.","robots":{"index":"index","follow":"follow","max-snippet":"max-snippet:-1","max-image-preview":"max-image-preview:large","max-video-preview":"max-video-preview:-1"},"canonical":"https:\/\/specializedbenefits.com\/fr\/nous-contacter\/","og_locale":"fr_FR","og_type":"article","og_title":"Contactez-nous - Prestations sp\u00e9cialis\u00e9es","og_description":"Vous souhaitez b\u00e9n\u00e9ficier d'une assurance compl\u00e8te ? Prenez contact d\u00e8s aujourd'hui avec l'\u00e9quipe de Specialized Benefits, leader du secteur.","og_url":"https:\/\/specializedbenefits.com\/fr\/nous-contacter\/","og_site_name":"Specialized Benefits","article_modified_time":"2025-02-27T15:06:57+00:00","og_image":[{"url":"https:\/\/specializedbenefits.com\/wp-content\/uploads\/2023\/11\/Footer-Image-1-1024x424.png","type":"","width":"","height":""}],"twitter_card":"summary_large_image","twitter_misc":{"Dur\u00e9e de lecture estim\u00e9e":"1 minute"},"schema":{"@context":"https:\/\/schema.org","@graph":[{"@type":"WebPage","@id":"https:\/\/specializedbenefits.com\/fr\/nous-contacter\/","url":"https:\/\/specializedbenefits.com\/fr\/nous-contacter\/","name":"Contactez-nous - Prestations sp\u00e9cialis\u00e9es","isPartOf":{"@id":"https:\/\/specializedbenefits.com\/#website"},"primaryImageOfPage":{"@id":"https:\/\/specializedbenefits.com\/fr\/nous-contacter\/#primaryimage"},"image":{"@id":"https:\/\/specializedbenefits.com\/fr\/nous-contacter\/#primaryimage"},"thumbnailUrl":"https:\/\/specializedbenefits.com\/wp-content\/uploads\/2023\/11\/Footer-Image-1-1024x424.png","datePublished":"2023-12-14T23:33:16+00:00","dateModified":"2025-02-27T15:06:57+00:00","description":"Vous souhaitez b\u00e9n\u00e9ficier d'une assurance compl\u00e8te ? Prenez contact d\u00e8s aujourd'hui avec l'\u00e9quipe de Specialized Benefits, leader du secteur.","breadcrumb":{"@id":"https:\/\/specializedbenefits.com\/fr\/nous-contacter\/#breadcrumb"},"inLanguage":"fr-FR","potentialAction":[{"@type":"ReadAction","target":["https:\/\/specializedbenefits.com\/fr\/nous-contacter\/"]}]},{"@type":"ImageObject","inLanguage":"fr-FR","@id":"https:\/\/specializedbenefits.com\/fr\/nous-contacter\/#primaryimage","url":"https:\/\/specializedbenefits.com\/wp-content\/uploads\/2023\/11\/Footer-Image-1-1024x424.png","contentUrl":"https:\/\/specializedbenefits.com\/wp-content\/uploads\/2023\/11\/Footer-Image-1-1024x424.png"},{"@type":"BreadcrumbList","@id":"https:\/\/specializedbenefits.com\/fr\/nous-contacter\/#breadcrumb","itemListElement":[{"@type":"ListItem","position":1,"name":"Home","item":"https:\/\/specializedbenefits.com\/fr\/"},{"@type":"ListItem","position":2,"name":"Nous contacter"}]},{"@type":"WebSite","@id":"https:\/\/specializedbenefits.com\/#website","url":"https:\/\/specializedbenefits.com\/","name":"Specialized Benefits","description":"","publisher":{"@id":"https:\/\/specializedbenefits.com\/#organization"},"potentialAction":[{"@type":"SearchAction","target":{"@type":"EntryPoint","urlTemplate":"https:\/\/specializedbenefits.com\/?s={search_term_string}"},"query-input":{"@type":"PropertyValueSpecification","valueRequired":true,"valueName":"search_term_string"}}],"inLanguage":"fr-FR"},{"@type":"Organization","@id":"https:\/\/specializedbenefits.com\/#organization","name":"Specialized Benefits","url":"https:\/\/specializedbenefits.com\/","logo":{"@type":"ImageObject","inLanguage":"fr-FR","@id":"https:\/\/specializedbenefits.com\/#\/schema\/logo\/image\/","url":"https:\/\/specializedbenefits.com\/wp-content\/uploads\/2023\/10\/Specialized-Benefits-Black-1.png","contentUrl":"https:\/\/specializedbenefits.com\/wp-content\/uploads\/2023\/10\/Specialized-Benefits-Black-1.png","width":318,"height":85,"caption":"Specialized Benefits"},"image":{"@id":"https:\/\/specializedbenefits.com\/#\/schema\/logo\/image\/"}}]}},"_links":{"self":[{"href":"https:\/\/specializedbenefits.com\/fr\/wp-json\/wp\/v2\/pages\/678","targetHints":{"allow":["GET"]}}],"collection":[{"href":"https:\/\/specializedbenefits.com\/fr\/wp-json\/wp\/v2\/pages"}],"about":[{"href":"https:\/\/specializedbenefits.com\/fr\/wp-json\/wp\/v2\/types\/page"}],"author":[{"embeddable":true,"href":"https:\/\/specializedbenefits.com\/fr\/wp-json\/wp\/v2\/users\/1"}],"replies":[{"embeddable":true,"href":"https:\/\/specializedbenefits.com\/fr\/wp-json\/wp\/v2\/comments?post=678"}],"version-history":[{"count":0,"href":"https:\/\/specializedbenefits.com\/fr\/wp-json\/wp\/v2\/pages\/678\/revisions"}],"wp:attachment":[{"href":"https:\/\/specializedbenefits.com\/fr\/wp-json\/wp\/v2\/media?parent=678"}],"curies":[{"name":"wp","href":"https:\/\/api.w.org\/{rel}","templated":true}]}}